{"id":23,"date":"2021-02-24T22:40:28","date_gmt":"2021-02-24T21:40:28","guid":{"rendered":"https:\/\/server.gmeinhart.net\/index.php\/home\/"},"modified":"2021-05-01T19:12:16","modified_gmt":"2021-05-01T17:12:16","slug":"home","status":"publish","type":"page","link":"https:\/\/server.gmeinhart.net\/","title":{"rendered":"ONLINE ANMELDUNG"},"content":{"rendered":"\n<p class=\"has-text-align-center has-normal-font-size\">Einfach, sicher, schnell<\/p>\n\n\n\n<p class=\"has-text-align-center has-normal-font-size\">Fitness Schlager &#8222;Hammer Strength&#8220; Studio<\/p>\n\n\n\n<p class=\"has-text-align-center has-normal-font-size\">Jetzt Mitglied werden<\/p>\n\n\n\n<p><\/p>\n\n\n\n<div class=\"wp-block-columns\">\n<div class=\"wp-block-column\">\n<p class=\"has-text-align-center\" style=\"font-size:22px\"><strong><span class=\"has-inline-color has-vivid-red-color\">Monats-Abo<\/span><\/strong><\/p>\n\n\n\n<ul><li>Hammer Strengh Ger\u00e4te<\/li><li>Matrix AD Ger\u00e4te<\/li><li>Ruderger\u00e4te<\/li><li>Cross Fit Turm<\/li><li>Inbody K\u00f6rperanalyse<\/li><\/ul>\n\n\n\n<p class=\"has-text-align-center\">(monatlich K\u00fcndbar)<br><strong>\u20ac 34,90 <\/strong>(inkl. MwSt. \/monatlich)<\/p>\n\n\n\n<div class=\"wp-block-buttons is-content-justification-center\">\n<div class=\"wp-block-button popmake-88\"><a class=\"wp-block-button__link\">Anmeldung<\/a><\/div>\n<\/div>\n<\/div>\n\n\n\n<div class=\"wp-block-column\">\n<p class=\"has-text-align-center\" style=\"font-size:22px\"><strong><span class=\"has-inline-color has-vivid-red-color\">Jahresmitgliedschaft <\/span><\/strong><\/p>\n\n\n\n<ul id=\"block-2125f7ee-9398-4e02-88f8-9463b4bdeea9\"><li>Hammer Strengh Ger\u00e4te<\/li><li>Matrix AD Ger\u00e4te<\/li><li>Ruderger\u00e4te<\/li><li>Cross Fit Turm<\/li><li>Inbody K\u00f6rperanalyse<\/li><\/ul>\n\n\n\n<p class=\"has-text-align-center\">(12 Monate Laufzeit)<br><strong>\u20ac 9,90<\/strong> (inkl. MwSt. \/monatlich)* <\/p>\n\n\n\n<div class=\"wp-block-buttons is-content-justification-center\">\n<div class=\"wp-block-button is-style-fill popmake-276\"><a class=\"wp-block-button__link\">Anmeldung<\/a><\/div>\n<\/div>\n\n\n\n<p class=\"has-text-align-center\">* ab dem 2. Monat 29,90 Euro<\/p>\n<\/div>\n<\/div>\n\n\n\n<p class=\"has-text-align-center\">Fitness Studio &#8222;<strong>Hammer Strength Center<\/strong>&#8220; Hauptstrasse 34 8793 Trofaiach<\/p>\n","protected":false},"excerpt":{"rendered":"<p>Einfach, sicher, schnell Fitness Schlager &#8222;Hammer Strength&#8220; Studio Jetzt Mitglied werden Monats-Abo Hammer Strengh Ger\u00e4te Matrix AD Ger\u00e4te Ruderger\u00e4te Cross Fit Turm Inbody K\u00f6rperanalyse (monatlich K\u00fcndbar)\u20ac 34,90 (inkl. MwSt. \/monatlich) Jahresmitgliedschaft Hammer Strengh Ger\u00e4te Matrix AD Ger\u00e4te Ruderger\u00e4te Cross Fit Turm Inbody K\u00f6rperanalyse (12 Monate Laufzeit)\u20ac 9,90 (inkl. MwSt. \/monatlich)* * ab dem 2. Monat &hellip;<\/p>\n<p class=\"read-more\"> <a class=\"\" href=\"https:\/\/server.gmeinhart.net\/\"> <span class=\"screen-reader-text\">ONLINE ANMELDUNG<\/span> Read More &raquo;<\/a><\/p>\n","protected":false},"author":1,"featured_media":0,"parent":0,"menu_order":0,"comment_status":"closed","ping_status":"closed","template":"","meta":[],"_links":{"self":[{"href":"https:\/\/server.gmeinhart.net\/index.php\/wp-json\/wp\/v2\/pages\/23"}],"collection":[{"href":"https:\/\/server.gmeinhart.net\/index.php\/wp-json\/wp\/v2\/pages"}],"about":[{"href":"https:\/\/server.gmeinhart.net\/index.php\/wp-json\/wp\/v2\/types\/page"}],"author":[{"embeddable":true,"href":"https:\/\/server.gmeinhart.net\/index.php\/wp-json\/wp\/v2\/users\/1"}],"replies":[{"embeddable":true,"href":"https:\/\/server.gmeinhart.net\/index.php\/wp-json\/wp\/v2\/comments?post=23"}],"version-history":[{"count":40,"href":"https:\/\/server.gmeinhart.net\/index.php\/wp-json\/wp\/v2\/pages\/23\/revisions"}],"predecessor-version":[{"id":280,"href":"https:\/\/server.gmeinhart.net\/index.php\/wp-json\/wp\/v2\/pages\/23\/revisions\/280"}],"wp:attachment":[{"href":"https:\/\/server.gmeinhart.net\/index.php\/wp-json\/wp\/v2\/media?parent=23"}],"curies":[{"name":"wp","href":"https:\/\/api.w.org\/{rel}","templated":true}]}}