{"id":254,"date":"2021-03-31T22:17:40","date_gmt":"2021-03-31T20:17:40","guid":{"rendered":"https:\/\/server.gmeinhart.net\/?page_id=254"},"modified":"2021-03-31T22:17:40","modified_gmt":"2021-03-31T20:17:40","slug":"datenschutzerklaerung-der-fitness-schlager-gmbh","status":"publish","type":"page","link":"https:\/\/server.gmeinhart.net\/index.php\/datenschutzerklaerung-der-fitness-schlager-gmbh\/","title":{"rendered":"Datenschutzerkl\u00e4rung der Fitness Schlager GmbH"},"content":{"rendered":"\n<p><strong>1. Personenbezogene Daten<\/strong><\/p>\n\n\n\n<p>Wir, die Fitness Schlager GmbH erheben, verarbeiten und nutzen Ihre personenbezogenen Daten nur mit Ihrer Einwilligung zu den mit Ihnen vereinbarten Zwecken oder wenn eine sonstige rechtliche Grundlage im Einklang mit der DSGVO vorliegt; dies unter Einhaltung der datenschutz- und zivilrechtlichen Bestimmungen.<\/p>\n\n\n\n<p>Es werden nur solche personenbezogenen Daten erhoben, die f\u00fcr die Durchf\u00fchrung und Abwicklung des Mitgliedschaftsvertrages erforderlich sind oder die Sie uns freiwillig zur Verf\u00fcgung gestellt haben.<\/p>\n\n\n\n<p>Personenbezogene Daten sind alle Daten, die Einzelangaben \u00fcber pers\u00f6nliche oder sachliche Verh\u00e4ltnisse enthalten, beispielsweise Name, Anschrift, Emailadresse, Telefonnummer, Geburtsdatum, Alter, Geschlecht, Videoaufzeichnungen, Fotos, wie auch Stimmaufnahmen von Personen.<\/p>\n\n\n\n<p><strong>2. Auskunft und L\u00f6schung<\/strong><\/p>\n\n\n\n<p>Als Mitglied haben Sie jederzeit das Recht auf Auskunft \u00fcber Ihre gespeicherten personenbezogenen Daten, deren Herkunft und Empf\u00e4nger und den Zweck der Datenverarbeitung sowie ein Recht auf Berichtigung, Daten\u00fcbertragung, Widerspruch, Einschr\u00e4nkung der Bearbeitung sowie Sperrung oder L\u00f6schung unrichtiger bzw. unzul\u00e4ssig verarbeiteter Daten.<\/p>\n\n\n\n<p>Insoweit sich \u00c4nderungen Ihrer pers\u00f6nlichen Daten ergeben, ersuchen wir um entsprechende Mitteilung.<\/p>\n\n\n\n<p>Sie haben jederzeit das Recht, eine erteilte Einwilligung zur Nutzung Ihrer personenbezogenen Daten zu widerrufen. Ihre Eingabe auf Auskunft, L\u00f6schung, Berichtigung, Widerspruch und\/oder Daten\u00fcbertragung, im letztgenannten Fall, sofern damit nicht ein unverh\u00e4ltnism\u00e4\u00dfiger Aufwand verursacht wird, kann an die in Punkt 9. dieser Erkl\u00e4rung angef\u00fchrte Anschrift unseres Fitnessstudios gerichtet werden.<\/p>\n\n\n\n<p>Wenn Sie der Auffassung sind, dass die Verarbeitung Ihrer personenbezogenen Daten durch uns gegen das geltende Datenschutzrecht verst\u00f6\u00dft oder Ihre datenschutzrechtlichen Anspr\u00fcche in einer anderen Weise verletzt worden sind, besteht die M\u00f6glichkeit, sich bei der zust\u00e4ndigen Aufsichtsbeh\u00f6rde zu beschweren. In \u00d6sterreich zust\u00e4ndig ist hierf\u00fcr die Datenschutzbeh\u00f6rde.<\/p>\n\n\n\n<p><strong>3. Datensicherheit<\/strong><\/p>\n\n\n\n<p>Der Schutz Ihrer personenbezogenen Daten erfolgt durch entsprechende organisatorische und technische Vorkehrungen. Diese Vorkehrungen betreffen insbesondere den Schutz vor unerlaubtem, rechtswidrigem oder auch zuf\u00e4lligem Zugriff, Verarbeitung, Verlust, Verwendung und Manipulation.<\/p>\n\n\n\n<p>Ungeachtet der Bem\u00fchungen der Einhaltung eines stets angemessen hohen Standes der Sorgfaltsanforderungen kann nicht ausgeschlossen werden, dass Informationen, die Sie uns \u00fcber das Internet bekannt geben, von anderen Personen eingesehen und genutzt werden.<\/p>\n\n\n\n<p>Bitte beachten Sie, dass wir daher keine wie immer geartete Haftung f\u00fcr die Offenlegung von Informationen aufgrund nicht von uns verursachter Fehler bei der Daten\u00fcbertragung und\/oder unautorisiertem Zugriff durch Dritte \u00fcbernehmen (zB Hackangriff auf Email-Account bzw. Telefon, Abfangen von Faxen).<\/p>\n\n\n\n<p><strong>4. Verwendung der Daten<\/strong><\/p>\n\n\n\n<p>Wir werden die uns zur Verf\u00fcgung gestellten Daten nicht f\u00fcr andere Zwecke als die durch den Mitgliedschaftsvertrag oder sonst durch eine Bestimmung im Einklang mit der DSGVO gedeckten Zwecken verarbeiten. Ausgenommen hiervon ist die Nutzung f\u00fcr statistische Zwecke, sofern die zur Verf\u00fcgung gestellten Daten anonymisiert wurden.<\/p>\n\n\n\n<p><strong>5. \u00dcbermittlung von Daten an Dritte<\/strong><\/p>\n\n\n\n<p>Zur Erf\u00fcllung des Vertrages ist es m\u00f6glicherweise auch erforderlich, Ihre Daten an Dritte (Dienstleister, derer wir uns bedienen und denen wir Daten zur Verf\u00fcgung stellen [wie z.B. Banken, Versicherungen, Rechtsanw\u00e4lten ect.], Gerichte oder Beh\u00f6rden, weiterzuleiten.<\/p>\n\n\n\n<p>Eine Weiterleitung Ihrer Daten erfolgt ausschlie\u00dflich auf Grundlage der DSGVO, insb zur Erf\u00fcllung Ihres Mitgliedschaftsvertrages oder aufgrund Ihrer vorherigen Einwilligung.<\/p>\n\n\n\n<p><strong>6. Bekanntgabe von Datenpannen<\/strong><\/p>\n\n\n\n<p>Wir sind bem\u00fcht sicherzustellen, dass Datenpannen fr\u00fchzeitig erkannt und gegebenenfalls unverz\u00fcglich Ihnen bzw der zust\u00e4ndigen Aufsichtsbeh\u00f6rde unter Einbezug der jeweiligen Datenkategorien, die betroffen sind, gemeldet werden.<\/p>\n\n\n\n<p><strong>7. Aufbewahrung der Daten<\/strong><\/p>\n\n\n\n<p>Wir werden Daten nicht l\u00e4nger aufbewahren als dies zur Erf\u00fcllung des Mitgliedschaftsvertrages erforderlich ist.<\/p>\n\n\n\n<p><strong>8.Server-Log-Files<\/strong><\/p>\n\n\n\n<p>Durch die Nutzung unserer Website erkl\u00e4ren Sie sich mit der Erhebung, Verarbeitung und Nutzung von Daten gem\u00e4\u00df der nachfolgenden Beschreibung einverstanden. Unsere Website kann grunds\u00e4tzlich ohne Registrierung besucht werden. Dabei werden Daten wie beispielsweise aufgerufene Seiten bzw. Namen der abgerufenen Datei, Datum und Uhrzeit zu statistischen Zwecken auf dem Server gespeichert, ohne dass diese Daten unmittelbar auf Ihre Person bezogen werden. Personenbezogene Daten, insbesondere Name, Adresse oder E-Mail-Adresse werden soweit m\u00f6glich auf freiwilliger Basis erhoben. Ohne Ihre Einwilligung erfolgt keine Weitergabe der Daten an Dritte.<\/p>\n\n\n\n<p>Unsere Website verwendet Cookies. Das sind kleine Textdateien, die es m\u00f6glich machen, auf dem Endger\u00e4t des Nutzers spezifische, auf den Nutzer bezogene Informationen zu speichern, w\u00e4hrend er die Website nutzt. Cookies erm\u00f6glichen es, insbesondere Nutzungsh\u00e4ufigkeit und Nutzeranzahl der Seiten zu ermitteln, Verhaltensweisen der Seitennutzung zu analysieren, aber auch unser Angebot kundenfreundlicher zu gestalten. Cookies bleiben \u00fcber das Ende einer Browser-Sitzung gespeichert und k\u00f6nnen bei einem erneuten Seitenbesuch wieder aufgerufen werden. Wenn Sie das nicht w\u00fcnschen, sollten Sie Ihren Internetbrowser so einstellen, dass er die Annahme von Cookies verweigert.<\/p>\n\n\n\n<p>Unsere Website verwendet Google Analytics, einen Webanalysedienst von Google Inc., 1600 Amphitheatre Parkway, Mountain View, CA 94043, USA. Zur Deaktivierung von Google Analytiscs stellt Google unter https:\/\/tools.google.com\/dlpage\/gaoptout?hl=de ein Browser-Plug-In zur Verf\u00fcgung. Google Analytics verwendet Cookies. Das sind kleine Textdateien, die es m\u00f6glich machen, auf dem Endger\u00e4t des Nutzers spezifische, auf den Nutzer bezogene Informationen zu speichern. Diese erm\u00f6glichen eine Analyse der Nutzung unseres Websiteangebotes durch Google. Die durch das Cookie erfassten Informationen \u00fcber die Nutzung unserer Seiten (einschlie\u00dflich Ihrer IP-Adresse) werden in der Regel an einen Server von Google in den USA \u00fcbertragen und dort gespeichert. Wir weisen darauf hin, dass auf dieser Website Google Analytics um den Code &#8222;gat.anonymizeIp();&#8220; erweitert wurde, um eine anonymisierte Erfassung von IP-Adressen (sog. IP-Masking) zu gew\u00e4hrleisten. Ist die Anonymisierung aktiv, k\u00fcrzt Google IP-Adressen innerhalb von Mitgliedstaaten der Europ\u00e4ischen Union oder in anderen Vertragsstaaten des Abkommens \u00fcber den Europ\u00e4ischen Wirtschaftsraum, weswegen keine R\u00fcckschl\u00fcsse auf Ihre Identit\u00e4t m\u00f6glich sind. Nur in Ausnahmef\u00e4llen wird die volle IP-Adresse an einen Server von Google in den USA \u00fcbertragen und dort gek\u00fcrzt. Google beachtet die Datenschutzbestimmungen des &#8222;Privacy Shield&#8220;-Abkommens und ist beim &#8222;Privacy Shield&#8220;-Programm des US-Handelsministeriums registriert und nutzt die gesammelten Informationen, um die Nutzung unserer Websites auszuwerten, Berichte f\u00fcr uns diesbez\u00fcglich zu verfassen und andere diesbez\u00fcgliche Dienstleistungen an uns zu erbringen. Mehr erfahren Sie unter <a href=\"https:\/\/www.google.com\/intl\/de\/analytics\/privacyoverview.html\">https:\/\/www.google.com\/intl\/de\/analytics\/privacyoverview.html<\/a><\/p>\n\n\n\n<p>Unsere Website verwendet Funktionen von Facebook Inc., 1601 S. California Ave, Palo Alto, CA 94304, USA. Bei Aufruf unserer Seiten mit Facebook-Plug-Ins wird eine Verbindung zwischen Ihrem Browser und den Servern von Facebook aufgebaut. Dabei werden bereits Daten an Facebook \u00fcbertragen. Besitzen Sie einen Facebook-Account, k\u00f6nnen diese Daten damit verkn\u00fcpft werden. Wenn Sie keine Zuordnung dieser Daten zu Ihrem Facebook-Account w\u00fcnschen, loggen Sie sich bitte vor dem Besuch unserer Seite bei Facebook aus. Interaktionen, insbesondere das Nutzen einer Kommentarfunktion oder das Anklicken eines &#8222;Like&#8220;- oder &#8222;Teilen&#8220;-Buttons werden ebenfalls an Facebook weitergegeben. Mehr erfahren Sie unter <a href=\"https:\/\/de-de.facebook.com\/about\/privacy\">https:\/\/de-de.facebook.com\/about\/privacy<\/a>.<\/p>\n\n\n\n<p>Wir setzen auf unserer Seite die Komponente &#8222;Google Maps&#8220; der Firma Google Inc., 1600 Amphitheatre Parkway, Mountain View, CA 94043 USA, nachfolgend &#8222;Google&#8220;, ein.<\/p>\n\n\n\n<p>Bei jedem einzelnen Aufruf der Komponente &#8222;Google Maps&#8220; wird von Google ein Cookie gesetzt, um bei der Anzeige der Seite, auf der die Komponente &#8222;Google Maps&#8220; integriert ist, Nutzereinstellungen und -daten zu verarbeiten. Dieses Cookie wird im Regelfall nicht durch das Schlie\u00dfen des Browsers gel\u00f6scht, sondern l\u00e4uft nach einer bestimmten Zeit ab, soweit es nicht von Ihnen zuvor manuell gel\u00f6scht wird. Wenn Sie mit dieser Verarbeitung Ihrer Daten nicht einverstanden sind, so besteht die M\u00f6glichkeit, den Service von &#8222;Google Maps&#8220; zu deaktivieren und auf diesem Weg die \u00dcbertragung von Daten an Google zu verhindern. Dazu m\u00fcssen Sie die Java-Script-Funktion in Ihrem Browser deaktivieren. Wir weisen Sie jedoch darauf hin, dass Sie in diesem Fall die &#8222;Google Maps&#8220; nicht oder nur eingeschr\u00e4nkt nutzen k\u00f6nnen. Die Nutzung von &#8222;Google Maps&#8220; und der \u00fcber &#8222;Google Maps&#8220; erlangten Informationen erfolgt gem\u00e4\u00df den Google-Nutzungsbedingungen <a href=\"https:\/\/www.google.de\/intl\/de\/policies\/terms\/regional.html\">https:\/\/www.google.de\/intl\/de\/policies\/terms\/regional.html<\/a> sowie der zus\u00e4tzlichen Gesch\u00e4ftsbedingungen f\u00fcr &#8222;Google Maps&#8220; <a href=\"https:\/\/www.google.com\/intl\/de_de\/help\/terms_maps.html\">https:\/\/www.google.com\/intl\/de_de\/help\/terms_maps.html<\/a>.<\/p>\n\n\n\n<p><strong>9. Unsere Kontaktdaten\/Datenschutzbeh\u00f6rde<\/strong><\/p>\n\n\n\n<p>Der Schutz Ihrer Daten ist uns besonders wichtig. Wir sind f\u00fcr Sie unter den angef\u00fchrten Kontaktdaten jederzeit f\u00fcr Ihre Fragen oder Ihren Wiederruf erreichbar:<\/p>\n\n\n\n<p>Fitness Schlager GmbH<\/p>\n\n\n\n<p>Langefelderstra\u00dfe 5<\/p>\n\n\n\n<p>8793 Trofaiach<\/p>\n\n\n\n<p>T: 0664\/4645889<\/p>\n\n\n\n<p>E: <a href=\"mailto:admin@fitness-schlager.at\">admin@fitness-schlager.at<\/a><\/p>\n\n\n\n<p><strong>Zust\u00e4ndige Datenschutzbeh\u00f6rde<\/strong><\/p>\n\n\n\n<p>\u00d6sterreichische Datenschutzbeh\u00f6rde<\/p>\n\n\n\n<p>Wickenburggasse 8<\/p>\n\n\n\n<p>1080 Wien<\/p>\n\n\n\n<p>T:+43152152-0<\/p>\n\n\n\n<p>E:dsb@dsb.gv.at<\/p>\n","protected":false},"excerpt":{"rendered":"<p>1. Personenbezogene Daten Wir, die Fitness Schlager GmbH erheben, verarbeiten und nutzen Ihre personenbezogenen Daten nur mit Ihrer Einwilligung zu den mit Ihnen vereinbarten Zwecken oder wenn eine sonstige rechtliche Grundlage im Einklang mit der DSGVO vorliegt; dies unter Einhaltung der datenschutz- und zivilrechtlichen Bestimmungen. Es werden nur solche personenbezogenen Daten erhoben, die f\u00fcr die &hellip;<\/p>\n<p class=\"read-more\"> <a class=\"\" href=\"https:\/\/server.gmeinhart.net\/index.php\/datenschutzerklaerung-der-fitness-schlager-gmbh\/\"> <span class=\"screen-reader-text\">Datenschutzerkl\u00e4rung der Fitness Schlager GmbH<\/span> Read More &raquo;<\/a><\/p>\n","protected":false},"author":1,"featured_media":0,"parent":0,"menu_order":0,"comment_status":"closed","ping_status":"closed","template":"","meta":[],"_links":{"self":[{"href":"https:\/\/server.gmeinhart.net\/index.php\/wp-json\/wp\/v2\/pages\/254"}],"collection":[{"href":"https:\/\/server.gmeinhart.net\/index.php\/wp-json\/wp\/v2\/pages"}],"about":[{"href":"https:\/\/server.gmeinhart.net\/index.php\/wp-json\/wp\/v2\/types\/page"}],"author":[{"embeddable":true,"href":"https:\/\/server.gmeinhart.net\/index.php\/wp-json\/wp\/v2\/users\/1"}],"replies":[{"embeddable":true,"href":"https:\/\/server.gmeinhart.net\/index.php\/wp-json\/wp\/v2\/comments?post=254"}],"version-history":[{"count":4,"href":"https:\/\/server.gmeinhart.net\/index.php\/wp-json\/wp\/v2\/pages\/254\/revisions"}],"predecessor-version":[{"id":271,"href":"https:\/\/server.gmeinhart.net\/index.php\/wp-json\/wp\/v2\/pages\/254\/revisions\/271"}],"wp:attachment":[{"href":"https:\/\/server.gmeinhart.net\/index.php\/wp-json\/wp\/v2\/media?parent=254"}],"curies":[{"name":"wp","href":"https:\/\/api.w.org\/{rel}","templated":true}]}}